{"id":201,"date":"2023-01-18T13:49:12","date_gmt":"2023-01-18T12:49:12","guid":{"rendered":"http:\/\/apartamentnadmorzem.net.pl\/?page_id=201"},"modified":"2023-03-24T10:11:31","modified_gmt":"2023-03-24T09:11:31","slug":"cennik","status":"publish","type":"page","link":"http:\/\/apartamentnadmorzem.net.pl\/?page_id=201","title":{"rendered":"CENNIK"},"content":{"rendered":"\t\t<div data-elementor-type=\"wp-page\" data-elementor-id=\"201\" class=\"elementor elementor-201\">\n\t\t\t\t\t\t\t\t\t<section class=\"elementor-section elementor-top-section elementor-element elementor-element-4a9fc16 elementor-section-full_width elementor-section-height-default elementor-section-height-default\" data-id=\"4a9fc16\" data-element_type=\"section\">\n\t\t\t\t\t\t<div class=\"elementor-container elementor-column-gap-narrow\">\n\t\t\t\t\t<div class=\"elementor-column elementor-col-50 elementor-top-column elementor-element elementor-element-b3ecc54\" data-id=\"b3ecc54\" data-element_type=\"column\">\n\t\t\t<div class=\"elementor-widget-wrap elementor-element-populated\">\n\t\t\t\t\t\t\t\t<div class=\"elementor-element elementor-element-2353c93 e-transform e-transform elementor-invisible elementor-widget elementor-widget-text-editor\" data-id=\"2353c93\" data-element_type=\"widget\" data-settings=\"{&quot;_animation&quot;:&quot;bounceIn&quot;,&quot;_transform_scale_effect_hover&quot;:{&quot;unit&quot;:&quot;px&quot;,&quot;size&quot;:1,&quot;sizes&quot;:[]},&quot;_transform_scale_effect&quot;:{&quot;unit&quot;:&quot;px&quot;,&quot;size&quot;:&quot;&quot;,&quot;sizes&quot;:[]},&quot;_transform_scale_effect_tablet&quot;:{&quot;unit&quot;:&quot;px&quot;,&quot;size&quot;:&quot;&quot;,&quot;sizes&quot;:[]},&quot;_transform_scale_effect_mobile&quot;:{&quot;unit&quot;:&quot;px&quot;,&quot;size&quot;:&quot;&quot;,&quot;sizes&quot;:[]},&quot;_transform_scale_effect_hover_tablet&quot;:{&quot;unit&quot;:&quot;px&quot;,&quot;size&quot;:&quot;&quot;,&quot;sizes&quot;:[]},&quot;_transform_scale_effect_hover_mobile&quot;:{&quot;unit&quot;:&quot;px&quot;,&quot;size&quot;:&quot;&quot;,&quot;sizes&quot;:[]}}\" data-widget_type=\"text-editor.default\">\n\t\t\t\t<div class=\"elementor-widget-container\">\n\t\t\t<style>\/*! elementor - v3.10.0 - 09-01-2023 *\/\n.elementor-widget-text-editor.elementor-drop-cap-view-stacked .elementor-drop-cap{background-color:#818a91;color:#fff}.elementor-widget-text-editor.elementor-drop-cap-view-framed .elementor-drop-cap{color:#818a91;border:3px solid;background-color:transparent}.elementor-widget-text-editor:not(.elementor-drop-cap-view-default) .elementor-drop-cap{margin-top:8px}.elementor-widget-text-editor:not(.elementor-drop-cap-view-default) .elementor-drop-cap-letter{width:1em;height:1em}.elementor-widget-text-editor .elementor-drop-cap{float:left;text-align:center;line-height:1;font-size:50px}.elementor-widget-text-editor .elementor-drop-cap-letter{display:inline-block}<\/style>\t\t\t\t<p style=\"text-align: left;\">W terminie od 27 stycznia do 23 czerwca 2023r. (z wy\u0142\u0105czeniem \u015awi\u0105t Wielkanocnych 7-10 kwietnia i weekendu majowego 28 kwietnia &#8211; 3 maja) dowolne <strong>3 doby w tygodniu w cenie 855 z\u0142 za pobyt. Ka\u017cda nast\u0119pna doba 250 z\u0142<\/strong>.<\/p>\n<p><strong><span style=\"text-decoration: underline;\">Pozosta\u0142e dni:<\/span><\/strong><br>7-10 kwietnia WIELKANOC 1800z\u0142 \/ 3 doby<br>28 kwietnia &#8211; 3 maja Weekend Majowy 3000z\u0142 \/ 5 d\u00f3b<br>W wakacje wynajem na 6 d\u00f3b w cenie 3600z\u0142 za pobyt:&nbsp;&nbsp;<\/p>\n<ul>\n<li>24-30 czerwca<\/li>\n<li>1-07 lipca<\/li>\n<li>8-14 lipca<\/li>\n<li>15-21 lipca<\/li>\n<li>22-28 lipca<\/li>\n<li>29 lipca &#8211; 4 sierpnia<\/li>\n<li>5-11 sierpnia<\/li>\n<li>12-18 sierpnia<\/li>\n<li>19-25 sierpnia<\/li>\n<li>26 sierpnia &#8211; 1 wrze\u015bnia<\/li>\n<\/ul>\n<p><strong>Podane ceny s\u0105 cenami brutto, wystawiamy faktur\u0119 VAT.<\/strong><\/p>\n<p><b>Do podanych cen nie ma \u017cadnych dodatkowych op\u0142at.<br><\/b><strong>W momencie rezerwacji nale\u017cy wp\u0142aci\u0107 zadatek w wysoko\u015bci 30%.<\/strong><\/p>\t\t\t\t\t\t<\/div>\n\t\t\t\t<\/div>\n\t\t\t\t\t<\/div>\n\t\t<\/div>\n\t\t\t\t<div class=\"elementor-column elementor-col-50 elementor-top-column elementor-element elementor-element-6730593\" data-id=\"6730593\" data-element_type=\"column\">\n\t\t\t<div class=\"elementor-widget-wrap elementor-element-populated\">\n\t\t\t\t\t\t\t\t<div class=\"elementor-element elementor-element-f2cfc4f elementor-widget elementor-widget-shortcode\" data-id=\"f2cfc4f\" data-element_type=\"widget\" data-widget_type=\"shortcode.default\">\n\t\t\t\t<div class=\"elementor-widget-container\">\n\t\t\t\t\t<div class=\"elementor-shortcode\"><div class='wpbc_only_calendar'><div id='calendar_booking_unselectable1'><\/div><span ><div style=\"clear:both;height:10px;\"><\/div><div class=\"wpbc_change_over_triangle\"><div class=\"bk_calendar_frame months_num_in_row_ cal_month_num_1 wpbc_timeslot_day_bg_as_available\" style=\"width:100%;max-width:284px;\"><div id=\"calendar_booking1\">Wczytuj\u0119 kalendarz...<\/div><\/div><div style=\"font-size:9px;text-align:left;margin-top:3px;\">Powered by <a style=\"font-size:9px;\" href=\"https:\/\/wpbookingcalendar.com\" target=\"_blank\" title=\"Booking Calendar plugin for WordPress\">Booking Calendar<\/a><\/div><textarea id=\"date_booking1\" name=\"date_booking1\" autocomplete=\"off\" style=\"display:none;\"><\/textarea><\/div> <script type='text\/javascript'>  jQuery(document).ready( function(){  date_admin_blank[1] = [];  date2approve[1] = [];  var date_approved_par = [];  init_datepick_cal('1', date_approved_par, 1 , 1, [2023,1]   );  }); <\/script><\/span><\/div><\/div>\n\t\t\t\t<\/div>\n\t\t\t\t<\/div>\n\t\t\t\t\t<\/div>\n\t\t<\/div>\n\t\t\t\t\t\t\t<\/div>\n\t\t<\/section>\n\t\t\t\t<section class=\"elementor-section elementor-top-section elementor-element elementor-element-daf4bcc elementor-section-boxed elementor-section-height-default elementor-section-height-default\" data-id=\"daf4bcc\" data-element_type=\"section\">\n\t\t\t\t\t\t<div class=\"elementor-container elementor-column-gap-default\">\n\t\t\t\t\t<div class=\"elementor-column elementor-col-100 elementor-top-column elementor-element elementor-element-ca3dfa4\" data-id=\"ca3dfa4\" data-element_type=\"column\">\n\t\t\t<div class=\"elementor-widget-wrap elementor-element-populated\">\n\t\t\t\t\t\t\t\t<div class=\"elementor-element elementor-element-e84b762 elementor-widget elementor-widget-text-editor\" data-id=\"e84b762\" data-element_type=\"widget\" data-widget_type=\"text-editor.default\">\n\t\t\t\t<div class=\"elementor-widget-container\">\n\t\t\t\t\t\t\t\t\t\t\t\t\t<\/div>\n\t\t\t\t<\/div>\n\t\t\t\t\t<\/div>\n\t\t<\/div>\n\t\t\t\t\t\t\t<\/div>\n\t\t<\/section>\n\t\t\t\t\t\t\t<\/div>\n\t\t","protected":false},"excerpt":{"rendered":"<p>W terminie od 27 stycznia do 23 czerwca 2023r. (z wy\u0142\u0105czeniem \u015awi\u0105t Wielkanocnych 7-10 kwietnia i weekendu majowego 28 kwietnia &#8211; 3 maja) dowolne 3 doby w tygodniu w cenie 855 z\u0142 za pobyt. Ka\u017cda nast\u0119pna doba 250 z\u0142. Pozosta\u0142e dni:7-10 kwietnia WIELKANOC 1800z\u0142 \/ 3 doby28 kwietnia &#8211; 3 maja Weekend Majowy 3000z\u0142 \/ [&hellip;]<\/p>\n","protected":false},"author":1,"featured_media":0,"parent":0,"menu_order":0,"comment_status":"closed","ping_status":"closed","template":"","meta":{"footnotes":""},"class_list":["post-201","page","type-page","status-publish","hentry"],"yoast_head":"<!-- This site is optimized with the Yoast SEO plugin v19.14 - https:\/\/yoast.com\/wordpress\/plugins\/seo\/ -->\n<title>CENNIK - www.apartamentnadmorzem.net.pl<\/title>\n<meta name=\"robots\" content=\"index, follow, max-snippet:-1, max-image-preview:large, max-video-preview:-1\" \/>\n<link rel=\"canonical\" href=\"https:\/\/apartamentnadmorzem.net.pl\/?page_id=201\" \/>\n<meta property=\"og:locale\" content=\"pl_PL\" \/>\n<meta property=\"og:type\" content=\"article\" \/>\n<meta property=\"og:title\" content=\"CENNIK - www.apartamentnadmorzem.net.pl\" \/>\n<meta property=\"og:description\" content=\"W terminie od 27 stycznia do 23 czerwca 2023r. (z wy\u0142\u0105czeniem \u015awi\u0105t Wielkanocnych 7-10 kwietnia i weekendu majowego 28 kwietnia &#8211; 3 maja) dowolne 3 doby w tygodniu w cenie 855 z\u0142 za pobyt. Ka\u017cda nast\u0119pna doba 250 z\u0142. Pozosta\u0142e dni:7-10 kwietnia WIELKANOC 1800z\u0142 \/ 3 doby28 kwietnia &#8211; 3 maja Weekend Majowy 3000z\u0142 \/ [&hellip;]\" \/>\n<meta property=\"og:url\" content=\"https:\/\/apartamentnadmorzem.net.pl\/?page_id=201\" \/>\n<meta property=\"og:site_name\" content=\"www.apartamentnadmorzem.net.pl\" \/>\n<meta property=\"article:modified_time\" content=\"2023-03-24T09:11:31+00:00\" \/>\n<meta name=\"twitter:card\" content=\"summary_large_image\" \/>\n<meta name=\"twitter:label1\" content=\"Szacowany czas czytania\" \/>\n\t<meta name=\"twitter:data1\" content=\"2 minuty\" \/>\n<script type=\"application\/ld+json\" class=\"yoast-schema-graph\">{\"@context\":\"https:\/\/schema.org\",\"@graph\":[{\"@type\":\"WebPage\",\"@id\":\"https:\/\/apartamentnadmorzem.net.pl\/?page_id=201\",\"url\":\"https:\/\/apartamentnadmorzem.net.pl\/?page_id=201\",\"name\":\"CENNIK - www.apartamentnadmorzem.net.pl\",\"isPartOf\":{\"@id\":\"http:\/\/apartamentnadmorzem.net.pl\/#website\"},\"datePublished\":\"2023-01-18T12:49:12+00:00\",\"dateModified\":\"2023-03-24T09:11:31+00:00\",\"breadcrumb\":{\"@id\":\"https:\/\/apartamentnadmorzem.net.pl\/?page_id=201#breadcrumb\"},\"inLanguage\":\"pl-PL\",\"potentialAction\":[{\"@type\":\"ReadAction\",\"target\":[\"https:\/\/apartamentnadmorzem.net.pl\/?page_id=201\"]}]},{\"@type\":\"BreadcrumbList\",\"@id\":\"https:\/\/apartamentnadmorzem.net.pl\/?page_id=201#breadcrumb\",\"itemListElement\":[{\"@type\":\"ListItem\",\"position\":1,\"name\":\"Home\",\"item\":\"http:\/\/apartamentnadmorzem.net.pl\/\"},{\"@type\":\"ListItem\",\"position\":2,\"name\":\"CENNIK\"}]},{\"@type\":\"WebSite\",\"@id\":\"http:\/\/apartamentnadmorzem.net.pl\/#website\",\"url\":\"http:\/\/apartamentnadmorzem.net.pl\/\",\"name\":\"www.apartamentnadmorzem.net.pl\",\"description\":\"\",\"publisher\":{\"@id\":\"http:\/\/apartamentnadmorzem.net.pl\/#organization\"},\"potentialAction\":[{\"@type\":\"SearchAction\",\"target\":{\"@type\":\"EntryPoint\",\"urlTemplate\":\"http:\/\/apartamentnadmorzem.net.pl\/?s={search_term_string}\"},\"query-input\":\"required name=search_term_string\"}],\"inLanguage\":\"pl-PL\"},{\"@type\":\"Organization\",\"@id\":\"http:\/\/apartamentnadmorzem.net.pl\/#organization\",\"name\":\"www.apartamentnadmorzem.net.pl\",\"url\":\"http:\/\/apartamentnadmorzem.net.pl\/\",\"logo\":{\"@type\":\"ImageObject\",\"inLanguage\":\"pl-PL\",\"@id\":\"http:\/\/apartamentnadmorzem.net.pl\/#\/schema\/logo\/image\/\",\"url\":\"http:\/\/apartamentnadmorzem.net.pl\/wp-content\/uploads\/2023\/01\/cropped-cropped-cropped-Jasne-Niebieskie-i-Biale-Proste-Monoline-Silownia-Logo-2-e1673886307260.png\",\"contentUrl\":\"http:\/\/apartamentnadmorzem.net.pl\/wp-content\/uploads\/2023\/01\/cropped-cropped-cropped-Jasne-Niebieskie-i-Biale-Proste-Monoline-Silownia-Logo-2-e1673886307260.png\",\"width\":100,\"height\":82,\"caption\":\"www.apartamentnadmorzem.net.pl\"},\"image\":{\"@id\":\"http:\/\/apartamentnadmorzem.net.pl\/#\/schema\/logo\/image\/\"}}]}<\/script>\n<!-- \/ Yoast SEO plugin. -->","yoast_head_json":{"title":"CENNIK - www.apartamentnadmorzem.net.pl","robots":{"index":"index","follow":"follow","max-snippet":"max-snippet:-1","max-image-preview":"max-image-preview:large","max-video-preview":"max-video-preview:-1"},"canonical":"https:\/\/apartamentnadmorzem.net.pl\/?page_id=201","og_locale":"pl_PL","og_type":"article","og_title":"CENNIK - www.apartamentnadmorzem.net.pl","og_description":"W terminie od 27 stycznia do 23 czerwca 2023r. (z wy\u0142\u0105czeniem \u015awi\u0105t Wielkanocnych 7-10 kwietnia i weekendu majowego 28 kwietnia &#8211; 3 maja) dowolne 3 doby w tygodniu w cenie 855 z\u0142 za pobyt. Ka\u017cda nast\u0119pna doba 250 z\u0142. Pozosta\u0142e dni:7-10 kwietnia WIELKANOC 1800z\u0142 \/ 3 doby28 kwietnia &#8211; 3 maja Weekend Majowy 3000z\u0142 \/ [&hellip;]","og_url":"https:\/\/apartamentnadmorzem.net.pl\/?page_id=201","og_site_name":"www.apartamentnadmorzem.net.pl","article_modified_time":"2023-03-24T09:11:31+00:00","twitter_card":"summary_large_image","twitter_misc":{"Szacowany czas czytania":"2 minuty"},"schema":{"@context":"https:\/\/schema.org","@graph":[{"@type":"WebPage","@id":"https:\/\/apartamentnadmorzem.net.pl\/?page_id=201","url":"https:\/\/apartamentnadmorzem.net.pl\/?page_id=201","name":"CENNIK - www.apartamentnadmorzem.net.pl","isPartOf":{"@id":"http:\/\/apartamentnadmorzem.net.pl\/#website"},"datePublished":"2023-01-18T12:49:12+00:00","dateModified":"2023-03-24T09:11:31+00:00","breadcrumb":{"@id":"https:\/\/apartamentnadmorzem.net.pl\/?page_id=201#breadcrumb"},"inLanguage":"pl-PL","potentialAction":[{"@type":"ReadAction","target":["https:\/\/apartamentnadmorzem.net.pl\/?page_id=201"]}]},{"@type":"BreadcrumbList","@id":"https:\/\/apartamentnadmorzem.net.pl\/?page_id=201#breadcrumb","itemListElement":[{"@type":"ListItem","position":1,"name":"Home","item":"http:\/\/apartamentnadmorzem.net.pl\/"},{"@type":"ListItem","position":2,"name":"CENNIK"}]},{"@type":"WebSite","@id":"http:\/\/apartamentnadmorzem.net.pl\/#website","url":"http:\/\/apartamentnadmorzem.net.pl\/","name":"www.apartamentnadmorzem.net.pl","description":"","publisher":{"@id":"http:\/\/apartamentnadmorzem.net.pl\/#organization"},"potentialAction":[{"@type":"SearchAction","target":{"@type":"EntryPoint","urlTemplate":"http:\/\/apartamentnadmorzem.net.pl\/?s={search_term_string}"},"query-input":"required name=search_term_string"}],"inLanguage":"pl-PL"},{"@type":"Organization","@id":"http:\/\/apartamentnadmorzem.net.pl\/#organization","name":"www.apartamentnadmorzem.net.pl","url":"http:\/\/apartamentnadmorzem.net.pl\/","logo":{"@type":"ImageObject","inLanguage":"pl-PL","@id":"http:\/\/apartamentnadmorzem.net.pl\/#\/schema\/logo\/image\/","url":"http:\/\/apartamentnadmorzem.net.pl\/wp-content\/uploads\/2023\/01\/cropped-cropped-cropped-Jasne-Niebieskie-i-Biale-Proste-Monoline-Silownia-Logo-2-e1673886307260.png","contentUrl":"http:\/\/apartamentnadmorzem.net.pl\/wp-content\/uploads\/2023\/01\/cropped-cropped-cropped-Jasne-Niebieskie-i-Biale-Proste-Monoline-Silownia-Logo-2-e1673886307260.png","width":100,"height":82,"caption":"www.apartamentnadmorzem.net.pl"},"image":{"@id":"http:\/\/apartamentnadmorzem.net.pl\/#\/schema\/logo\/image\/"}}]}},"_links":{"self":[{"href":"http:\/\/apartamentnadmorzem.net.pl\/index.php?rest_route=\/wp\/v2\/pages\/201","targetHints":{"allow":["GET"]}}],"collection":[{"href":"http:\/\/apartamentnadmorzem.net.pl\/index.php?rest_route=\/wp\/v2\/pages"}],"about":[{"href":"http:\/\/apartamentnadmorzem.net.pl\/index.php?rest_route=\/wp\/v2\/types\/page"}],"author":[{"embeddable":true,"href":"http:\/\/apartamentnadmorzem.net.pl\/index.php?rest_route=\/wp\/v2\/users\/1"}],"replies":[{"embeddable":true,"href":"http:\/\/apartamentnadmorzem.net.pl\/index.php?rest_route=%2Fwp%2Fv2%2Fcomments&post=201"}],"version-history":[{"count":48,"href":"http:\/\/apartamentnadmorzem.net.pl\/index.php?rest_route=\/wp\/v2\/pages\/201\/revisions"}],"predecessor-version":[{"id":466,"href":"http:\/\/apartamentnadmorzem.net.pl\/index.php?rest_route=\/wp\/v2\/pages\/201\/revisions\/466"}],"wp:attachment":[{"href":"http:\/\/apartamentnadmorzem.net.pl\/index.php?rest_route=%2Fwp%2Fv2%2Fmedia&parent=201"}],"curies":[{"name":"wp","href":"https:\/\/api.w.org\/{rel}","templated":true}]}}